{"id":9,"date":"2018-11-21T13:56:03","date_gmt":"2018-11-21T12:56:03","guid":{"rendered":"http:\/\/texturgeber.de\/?page_id=9"},"modified":"2018-11-21T14:10:15","modified_gmt":"2018-11-21T13:10:15","slug":"ueber-mich","status":"publish","type":"page","link":"https:\/\/texturgeber.de\/?page_id=9","title":{"rendered":"\u00dcber mich"},"content":{"rendered":"<p>Der Zufall ist integraler Bestandteil des Lebens und so schreibe ich \u00fcber Genuss. Aktuell f\u00fcr \u00a0das monatlich erscheinende Gourmetmagazin \u201cDer Feinschmecker\u201d, als Autor f\u00fcr die \u201cS\u00fcddeutsche Zeitung\u201d und f\u00fcr das Foodmagazin \u201c<a href=\"https:\/\/www.effilee.de\/author\/stefanchmielewski\/\" target=\"_blank\" rel=\"noopener noreferrer\">Effilee<\/a>\u201c. Von Anfang 2014 bis Ende 2016 f\u00fcr das Online-Magazin <a href=\"http:\/\/www.sternefresser.de\/\">Sternefresser,\u00a0<\/a>zeitweise\u00a0f\u00fcr das <a href=\"http:\/\/www.metro-genussblog.de\/author\/stefan.chmielewski\/\">Metro-Genussblog<\/a> und von 2016 bis 2018 f\u00fcr die Digitalagentur Kpunktnull das Mumm-Genussblog. Ich liebe diese Themen so sehr, dass ich mein Hobby zum Beruf gemacht habe. Mich kann man kaufen: F\u00fcr Texte und f\u00fcr Fotos. Mit \u00dcberzeugung und nicht im Sonderangebot.<\/p>\n","protected":false},"excerpt":{"rendered":"<p>Der Zufall ist integraler Bestandteil des Lebens und so schreibe ich \u00fcber Genuss. Aktuell f\u00fcr \u00a0das monatlich erscheinende Gourmetmagazin \u201cDer Feinschmecker\u201d, als Autor f\u00fcr die&#8230;<\/p>\n<div class=\"more-link-wrapper\"><a class=\"more-link\" href=\"https:\/\/texturgeber.de\/?page_id=9\">Weiterlesen<span class=\"screen-reader-text\">\u00dcber mich<\/span><\/a><\/div>\n","protected":false},"author":1,"featured_media":0,"parent":0,"menu_order":0,"comment_status":"closed","ping_status":"closed","template":"","meta":[],"_links":{"self":[{"href":"https:\/\/texturgeber.de\/index.php?rest_route=\/wp\/v2\/pages\/9"}],"collection":[{"href":"https:\/\/texturgeber.de\/index.php?rest_route=\/wp\/v2\/pages"}],"about":[{"href":"https:\/\/texturgeber.de\/index.php?rest_route=\/wp\/v2\/types\/page"}],"author":[{"embeddable":true,"href":"https:\/\/texturgeber.de\/index.php?rest_route=\/wp\/v2\/users\/1"}],"replies":[{"embeddable":true,"href":"https:\/\/texturgeber.de\/index.php?rest_route=%2Fwp%2Fv2%2Fcomments&post=9"}],"version-history":[{"count":3,"href":"https:\/\/texturgeber.de\/index.php?rest_route=\/wp\/v2\/pages\/9\/revisions"}],"predecessor-version":[{"id":131,"href":"https:\/\/texturgeber.de\/index.php?rest_route=\/wp\/v2\/pages\/9\/revisions\/131"}],"wp:attachment":[{"href":"https:\/\/texturgeber.de\/index.php?rest_route=%2Fwp%2Fv2%2Fmedia&parent=9"}],"curies":[{"name":"wp","href":"https:\/\/api.w.org\/{rel}","templated":true}]}}